{"id":155,"date":"2026-02-18T18:19:37","date_gmt":"2026-02-18T18:19:37","guid":{"rendered":"https:\/\/shop.bcoach.app\/?post_type=product&#038;p=155"},"modified":"2026-02-18T18:21:27","modified_gmt":"2026-02-18T18:21:27","slug":"bcoach-club-clasico","status":"publish","type":"product","link":"https:\/\/shop.bcoach.app\/index.php\/producto\/bcoach-club-clasico\/","title":{"rendered":"bcoach Club"},"content":{"rendered":"<h3 data-start=\"73\" data-end=\"125\">La estructura metodol\u00f3gica de tu club en la nube<\/h3>\n<p data-start=\"403\" data-end=\"421\"><strong data-start=\"403\" data-end=\"421\">Perfecto para:<\/strong><\/p>\n<ul data-start=\"422\" data-end=\"578\">\n<li data-start=\"422\" data-end=\"456\">\n<p data-start=\"424\" data-end=\"456\">Academias y escuelas de f\u00fatbol<\/p>\n<\/li>\n<li data-start=\"457\" data-end=\"489\">\n<p data-start=\"459\" data-end=\"489\">Clubes con varias categor\u00edas<\/p>\n<\/li>\n<li data-start=\"490\" data-end=\"530\">\n<p data-start=\"492\" data-end=\"530\">Coordinadores y direcciones t\u00e9cnicas<\/p>\n<\/li>\n<li data-start=\"531\" data-end=\"578\">\n<p data-start=\"533\" data-end=\"578\">Instituciones que buscan orden y coherencia<\/p>\n<\/li>\n<\/ul>\n<p data-start=\"580\" data-end=\"592\"><strong data-start=\"580\" data-end=\"592\">Incluye:<\/strong><\/p>\n<ul data-start=\"593\" data-end=\"747\">\n<li data-start=\"593\" data-end=\"639\">\n<p data-start=\"595\" data-end=\"639\">Biblioteca de tareas compartida en la nube<\/p>\n<\/li>\n<li data-start=\"640\" data-end=\"675\">\n<p data-start=\"642\" data-end=\"675\">Colaboraci\u00f3n entre entrenadores<\/p>\n<\/li>\n<li data-start=\"676\" data-end=\"709\">\n<p data-start=\"678\" data-end=\"709\">Gesti\u00f3n estructurada de roles<\/p>\n<\/li>\n<li data-start=\"710\" data-end=\"747\">\n<p data-start=\"712\" data-end=\"747\">Acceso institucional centralizado<\/p>\n<\/li>\n<\/ul>\n","protected":false},"excerpt":{"rendered":"<p data-start=\"127\" data-end=\"290\">bcoach Club es el entorno institucional que permite centralizar el trabajo de tus entrenadores en una biblioteca compartida, accesible desde cualquier dispositivo.<\/p>\n<p data-start=\"292\" data-end=\"401\">Organiza las tareas, conecta a tu staff t\u00e9cnico y construye una identidad metodol\u00f3gica com\u00fan en todo el club.<\/p>\n","protected":false},"featured_media":158,"comment_status":"open","ping_status":"closed","template":"","meta":[],"product_brand":[],"product_cat":[20],"product_tag":[],"class_list":{"0":"post-155","1":"product","2":"type-product","3":"status-publish","4":"has-post-thumbnail","6":"product_cat-bcoach-club","8":"first","9":"instock","10":"sale","11":"virtual","12":"taxable","13":"purchasable","14":"product-type-simple"},"jetpack_sharing_enabled":true,"_links":{"self":[{"href":"https:\/\/shop.bcoach.app\/index.php\/wp-json\/wp\/v2\/product\/155","targetHints":{"allow":["GET"]}}],"collection":[{"href":"https:\/\/shop.bcoach.app\/index.php\/wp-json\/wp\/v2\/product"}],"about":[{"href":"https:\/\/shop.bcoach.app\/index.php\/wp-json\/wp\/v2\/types\/product"}],"replies":[{"embeddable":true,"href":"https:\/\/shop.bcoach.app\/index.php\/wp-json\/wp\/v2\/comments?post=155"}],"wp:featuredmedia":[{"embeddable":true,"href":"https:\/\/shop.bcoach.app\/index.php\/wp-json\/wp\/v2\/media\/158"}],"wp:attachment":[{"href":"https:\/\/shop.bcoach.app\/index.php\/wp-json\/wp\/v2\/media?parent=155"}],"wp:term":[{"taxonomy":"product_brand","embeddable":true,"href":"https:\/\/shop.bcoach.app\/index.php\/wp-json\/wp\/v2\/product_brand?post=155"},{"taxonomy":"product_cat","embeddable":true,"href":"https:\/\/shop.bcoach.app\/index.php\/wp-json\/wp\/v2\/product_cat?post=155"},{"taxonomy":"product_tag","embeddable":true,"href":"https:\/\/shop.bcoach.app\/index.php\/wp-json\/wp\/v2\/product_tag?post=155"}],"curies":[{"name":"wp","href":"https:\/\/api.w.org\/{rel}","templated":true}]}}